{"id":28,"date":"2020-11-20T13:06:15","date_gmt":"2020-11-20T12:06:15","guid":{"rendered":"https:\/\/dr-klitsch.de\/?page_id=28"},"modified":"2022-07-22T13:54:53","modified_gmt":"2022-07-22T11:54:53","slug":"impressum","status":"publish","type":"page","link":"https:\/\/dr-klitsch.de\/zahnarztpraxis-parchim\/impressum\/","title":{"rendered":"Impressum"},"content":{"rendered":"<div class=\"wpb-content-wrapper\"><p>[vc_row css_animation=&#8220;&#8220; row_type=&#8220;row&#8220; use_row_as_full_screen_section=&#8220;no&#8220; type=&#8220;full_width&#8220; angled_section=&#8220;no&#8220; text_align=&#8220;left&#8220; background_image_as_pattern=&#8220;without_pattern&#8220; z_index=&#8220;&#8220;][vc_column][vc_empty_space height=&#8220;80px&#8220;][\/vc_column][\/vc_row][vc_row css_animation=&#8220;&#8220; row_type=&#8220;row&#8220; use_row_as_full_screen_section=&#8220;no&#8220; type=&#8220;grid&#8220; angled_section=&#8220;no&#8220; text_align=&#8220;left&#8220; background_image_as_pattern=&#8220;without_pattern&#8220; z_index=&#8220;&#8220;][vc_column][vc_column_text]<\/p>\n<h1>IMPRESSUM<\/h1>\n<p>&nbsp;<\/p>\n<p>&nbsp;<\/p>\n<h6>Angaben gem\u00e4\u00df dem Telemediengesetz \u00a7 5 TMG<\/h6>\n<p>&nbsp;<\/p>\n<p><strong>Zahn\u00e4rztliche Gemeinschaftspraxis<\/strong><\/p>\n<p>Dr. Thomas Klitsch<br \/>\nDr. Ulrike Klitsch<br \/>\nAm Ilepol 1<br \/>\n19370 Parchim<\/p>\n<p>Telefon: +49 3871 443062<br \/>\nTelefax: +49 3871 443063<\/p>\n<p><img decoding=\"async\" loading=\"lazy\" class=\"alignnone wp-image-612\" src=\"https:\/\/dr-klitsch.de\/wp-content\/uploads\/2022\/07\/klitsch.png\" alt=\"\" width=\"130\" height=\"18\" \/><br \/>\n<a href=\"https:\/\/www.dr-klitsch.de\">www.dr-klitsch.de<\/a><\/p>\n<p>&nbsp;<\/p>\n<p>Es ist nicht erlaubt, Adressdaten und Telefonnummern zu kopieren, zu speichern und andersweitig (z.b. f\u00fcr Werbezwecke) einzusetzen.<\/p>\n<p>&nbsp;<\/p>\n<p><strong>Zust\u00e4ndige Aufsichtsbeh\u00f6rde<\/strong><br \/>\nKassenzahn\u00e4rztliche Vereinigung Mecklenburg-Vorpommern<br \/>\nWismarsche Str. 304<br \/>\n19055 Schwerin<br \/>\nTel.: 0385\/5492-0<br \/>\nFax: 0385\/5492-499<br \/>\nInternet: <a href=\"https:\/\/www.kvmv.de\/startseite\/\" target=\"_blank\" rel=\"noopener noreferrer\">www.kzvmv.de<\/a><\/p>\n<p>&nbsp;<\/p>\n<p><strong>Zust\u00e4ndige Kammer<\/strong><br \/>\nZahn\u00e4rztekammer Mecklenburg-Vorpommern<br \/>\nWismarsche Stra\u00dfe 304<br \/>\n19055 Schwerin<br \/>\nInternet: <a href=\"https:\/\/www.zaekmv.de\/\" target=\"_blank\" rel=\"noopener noreferrer\">www.zaekmv.de<\/a><\/p>\n<p>&nbsp;<\/p>\n<p><strong>Berufsbezeichnung<\/strong><\/p>\n<p>Zahnarzt (verliehen in der Bundesrepublik Deutschland)<\/p>\n<p>&nbsp;<\/p>\n<p><strong>Berufsrechtliche Regelungen<\/strong><br \/>\n\u2022 Zahnheilkundegesetz<br \/>\n\u2022 Heilberufe-Kammergesetz<br \/>\n\u2022 Geb\u00fchrenordnung f\u00fcr Zahn\u00e4rzte<br \/>\n\u2022 Berufsordnung f\u00fcr Zahn\u00e4rzte<br \/>\n\u2022 Heilberufsgesetz des Landes Mecklenburg-Vorpommern<\/p>\n<p>&nbsp;<\/p>\n<p>&nbsp;<\/p>\n<p>&nbsp;<\/p>\n<h6>HAFTUNGSAUSSCHLUSS<\/h6>\n<p>&nbsp;<\/p>\n<p><strong>Haftung f\u00fcr Inhalte<\/strong><\/p>\n<p>Die Inhalte unserer Seiten wurden mit gr\u00f6\u00dfter Sorgfalt erstellt. F\u00fcr die Richtigkeit, Vollst\u00e4ndigkeit und Aktualit\u00e4t der Inhalte k\u00f6nnen wir jedoch keine Gew\u00e4hr \u00fcbernehmen. Als Diensteanbieter sind wir gem\u00e4\u00df \u00a7 7 Abs.1 TMG f\u00fcr eigene Inhalte auf diesen Seiten nach den allgemeinen Gesetzen verantwortlich. Nach \u00a7\u00a7 8 bis 10 TMG sind wir als Diensteanbieter jedoch nicht verpflichtet, \u00fcbermittelte oder gespeicherte fremde Informationen zu \u00fcberwachen oder nach Umst\u00e4nden zu forschen, die auf eine rechtswidrige T\u00e4tigkeit hinweisen. Verpflichtungen zur Entfernung oder Sperrung der Nutzung von Informationen nach den allgemeinen Gesetzen bleiben hiervon unber\u00fchrt. Eine diesbez\u00fcgliche Haftung ist jedoch erst ab dem Zeitpunkt der Kenntnis einer konkreten Rechtsverletzung m\u00f6glich. Bei Bekanntwerden von entsprechenden Rechtsverletzungen werden wir diese Inhalte umgehend entfernen.<\/p>\n<p>&nbsp;<\/p>\n<p><strong>Urheberrecht<\/strong><\/p>\n<p>Die durch die Seitenbetreiber erstellten Inhalte und Werke auf diesen Seiten unterliegen dem deutschen Urheberrecht. Die Vervielf\u00e4ltigung, Bearbeitung, Verbreitung und jede Art der Verwertung au\u00dferhalb der Grenzen des Urheberrechtes bed\u00fcrfen der schriftlichen Zustimmung des jeweiligen Autors bzw. Erstellers. Downloads und Kopien dieser Seite sind nur f\u00fcr den privaten, nicht kommerziellen Gebrauch gestattet. Soweit die Inhalte auf dieser Seite nicht vom Betreiber erstellt wurden, werden die Urheberrechte Dritter beachtet. Insbesondere werden Inhalte Dritter als solche gekennzeichnet. Sollten Sie trotzdem auf eine Urheberrechtsverletzung aufmerksam werden, bitten wir um einen entsprechenden Hinweis. Bei Bekanntwerden von Rechtsverletzungen werden wir derartige Inhalte umgehend entfernen.<\/p>\n<p>Quelle: <a href=\"https:\/\/www.e-recht24.de\/\" target=\"_blank\" rel=\"noopener noreferrer\">eRecht24<\/a><\/p>\n<p>&nbsp;<\/p>\n<p><strong>Inhaltlich Verantwortlicher<\/strong><br \/>\nDr. Thomas Klitsch (Anschrift wie oben)<\/p>\n<p>&nbsp;<\/p>\n<p><strong>Webdesign<\/strong><br \/>\n<a href=\"https:\/\/www.regel-design.de\" target=\"_blank\" rel=\"noopener\">REGEL DESIGN<\/a><\/p>\n<p>&nbsp;<\/p>\n<p><strong>Fotos<\/strong><br \/>\n<a href=\"http:\/\/www.fotostudio-froehlich.de\" target=\"_blank\" rel=\"noopener\">Fotostudio Fr\u00f6hlich<\/a>[\/vc_column_text][vc_empty_space][\/vc_column][\/vc_row]<\/p>\n<\/div>","protected":false},"excerpt":{"rendered":"<p>[vc_row css_animation=&#8220;&#8220; row_type=&#8220;row&#8220; use_row_as_full_screen_section=&#8220;no&#8220; type=&#8220;full_width&#8220; angled_section=&#8220;no&#8220; text_align=&#8220;left&#8220; background_image_as_pattern=&#8220;without_pattern&#8220; z_index=&#8220;&#8220;][vc_column][vc_empty_space height=&#8220;80px&#8220;][\/vc_column][\/vc_row][vc_row css_animation=&#8220;&#8220; row_type=&#8220;row&#8220; use_row_as_full_screen_section=&#8220;no&#8220; type=&#8220;grid&#8220; angled_section=&#8220;no&#8220; text_align=&#8220;left&#8220; background_image_as_pattern=&#8220;without_pattern&#8220; z_index=&#8220;&#8220;][vc_column][vc_column_text] IMPRESSUM &nbsp; &nbsp; Angaben gem\u00e4\u00df dem Telemediengesetz \u00a7 5 TMG &nbsp; Zahn\u00e4rztliche Gemeinschaftspraxis Dr. Thomas Klitsch Dr. Ulrike Klitsch Am Ilepol 1 19370 Parchim Telefon: +49 3871&#8230;<\/p>\n","protected":false},"author":1,"featured_media":0,"parent":0,"menu_order":0,"comment_status":"closed","ping_status":"closed","template":"","meta":[],"yoast_head":"<!-- This site is optimized with the Yoast SEO plugin v19.10 - https:\/\/yoast.com\/wordpress\/plugins\/seo\/ -->\n<title>Zahnarztpraxis Dr. Klitsch | Parchim | Impressum<\/title>\n<meta name=\"description\" content=\"Impressum der Zahn\u00e4rztlichen Gemeinschaftspraxis Dr. Klitsch, Am Ilepol, 119370 Parchim, Telefon: +49 3871 443062\" \/>\n<meta name=\"robots\" content=\"index, follow, max-snippet:-1, max-image-preview:large, max-video-preview:-1\" \/>\n<link rel=\"canonical\" href=\"https:\/\/dr-klitsch.de\/zahnarztpraxis-parchim\/impressum\/\" \/>\n<meta property=\"og:locale\" content=\"de_DE\" \/>\n<meta property=\"og:type\" content=\"article\" \/>\n<meta property=\"og:title\" content=\"Zahnarztpraxis Dr. Klitsch | Parchim | Impressum\" \/>\n<meta property=\"og:description\" content=\"Impressum der Zahn\u00e4rztlichen Gemeinschaftspraxis Dr. Klitsch, Am Ilepol, 119370 Parchim, Telefon: +49 3871 443062\" \/>\n<meta property=\"og:url\" content=\"https:\/\/dr-klitsch.de\/zahnarztpraxis-parchim\/impressum\/\" \/>\n<meta property=\"og:site_name\" content=\"Zahnarztpraxis Dr. Klitsch Parchim\" \/>\n<meta property=\"article:modified_time\" content=\"2022-07-22T11:54:53+00:00\" \/>\n<meta property=\"og:image\" content=\"https:\/\/dr-klitsch.de\/wp-content\/uploads\/2022\/07\/klitsch.png\" \/>\n<meta name=\"twitter:card\" content=\"summary_large_image\" \/>\n<meta name=\"twitter:label1\" content=\"Gesch\u00e4tzte Lesezeit\" \/>\n\t<meta name=\"twitter:data1\" content=\"2\u00a0Minuten\" \/>\n<script type=\"application\/ld+json\" class=\"yoast-schema-graph\">{\"@context\":\"https:\/\/schema.org\",\"@graph\":[{\"@type\":\"WebPage\",\"@id\":\"https:\/\/dr-klitsch.de\/zahnarztpraxis-parchim\/impressum\/\",\"url\":\"https:\/\/dr-klitsch.de\/zahnarztpraxis-parchim\/impressum\/\",\"name\":\"Zahnarztpraxis Dr. Klitsch | Parchim | Impressum\",\"isPartOf\":{\"@id\":\"https:\/\/dr-klitsch.de\/zahnarztpraxis-parchim\/#website\"},\"datePublished\":\"2020-11-20T12:06:15+00:00\",\"dateModified\":\"2022-07-22T11:54:53+00:00\",\"description\":\"Impressum der Zahn\u00e4rztlichen Gemeinschaftspraxis Dr. Klitsch, Am Ilepol, 119370 Parchim, Telefon: +49 3871 443062\",\"breadcrumb\":{\"@id\":\"https:\/\/dr-klitsch.de\/zahnarztpraxis-parchim\/impressum\/#breadcrumb\"},\"inLanguage\":\"de\",\"potentialAction\":[{\"@type\":\"ReadAction\",\"target\":[\"https:\/\/dr-klitsch.de\/zahnarztpraxis-parchim\/impressum\/\"]}]},{\"@type\":\"BreadcrumbList\",\"@id\":\"https:\/\/dr-klitsch.de\/zahnarztpraxis-parchim\/impressum\/#breadcrumb\",\"itemListElement\":[{\"@type\":\"ListItem\",\"position\":1,\"name\":\"Startseite\",\"item\":\"https:\/\/dr-klitsch.de\/zahnarztpraxis-parchim\/\"},{\"@type\":\"ListItem\",\"position\":2,\"name\":\"Impressum\"}]},{\"@type\":\"WebSite\",\"@id\":\"https:\/\/dr-klitsch.de\/zahnarztpraxis-parchim\/#website\",\"url\":\"https:\/\/dr-klitsch.de\/zahnarztpraxis-parchim\/\",\"name\":\"Zahnarztpraxis Dr. Klitsch Parchim\",\"description\":\"Zahn\u00e4rztliche Gemeinschaftspraxis Dr. Thomas Klitsch &amp; Dr. Ulrike Klitsch\",\"potentialAction\":[{\"@type\":\"SearchAction\",\"target\":{\"@type\":\"EntryPoint\",\"urlTemplate\":\"https:\/\/dr-klitsch.de\/zahnarztpraxis-parchim\/?s={search_term_string}\"},\"query-input\":\"required name=search_term_string\"}],\"inLanguage\":\"de\"}]}<\/script>\n<!-- \/ Yoast SEO plugin. -->","yoast_head_json":{"title":"Zahnarztpraxis Dr. Klitsch | Parchim | Impressum","description":"Impressum der Zahn\u00e4rztlichen Gemeinschaftspraxis Dr. Klitsch, Am Ilepol, 119370 Parchim, Telefon: +49 3871 443062","robots":{"index":"index","follow":"follow","max-snippet":"max-snippet:-1","max-image-preview":"max-image-preview:large","max-video-preview":"max-video-preview:-1"},"canonical":"https:\/\/dr-klitsch.de\/zahnarztpraxis-parchim\/impressum\/","og_locale":"de_DE","og_type":"article","og_title":"Zahnarztpraxis Dr. Klitsch | Parchim | Impressum","og_description":"Impressum der Zahn\u00e4rztlichen Gemeinschaftspraxis Dr. Klitsch, Am Ilepol, 119370 Parchim, Telefon: +49 3871 443062","og_url":"https:\/\/dr-klitsch.de\/zahnarztpraxis-parchim\/impressum\/","og_site_name":"Zahnarztpraxis Dr. Klitsch Parchim","article_modified_time":"2022-07-22T11:54:53+00:00","og_image":[{"url":"https:\/\/dr-klitsch.de\/wp-content\/uploads\/2022\/07\/klitsch.png"}],"twitter_card":"summary_large_image","twitter_misc":{"Gesch\u00e4tzte Lesezeit":"2\u00a0Minuten"},"schema":{"@context":"https:\/\/schema.org","@graph":[{"@type":"WebPage","@id":"https:\/\/dr-klitsch.de\/zahnarztpraxis-parchim\/impressum\/","url":"https:\/\/dr-klitsch.de\/zahnarztpraxis-parchim\/impressum\/","name":"Zahnarztpraxis Dr. Klitsch | Parchim | Impressum","isPartOf":{"@id":"https:\/\/dr-klitsch.de\/zahnarztpraxis-parchim\/#website"},"datePublished":"2020-11-20T12:06:15+00:00","dateModified":"2022-07-22T11:54:53+00:00","description":"Impressum der Zahn\u00e4rztlichen Gemeinschaftspraxis Dr. Klitsch, Am Ilepol, 119370 Parchim, Telefon: +49 3871 443062","breadcrumb":{"@id":"https:\/\/dr-klitsch.de\/zahnarztpraxis-parchim\/impressum\/#breadcrumb"},"inLanguage":"de","potentialAction":[{"@type":"ReadAction","target":["https:\/\/dr-klitsch.de\/zahnarztpraxis-parchim\/impressum\/"]}]},{"@type":"BreadcrumbList","@id":"https:\/\/dr-klitsch.de\/zahnarztpraxis-parchim\/impressum\/#breadcrumb","itemListElement":[{"@type":"ListItem","position":1,"name":"Startseite","item":"https:\/\/dr-klitsch.de\/zahnarztpraxis-parchim\/"},{"@type":"ListItem","position":2,"name":"Impressum"}]},{"@type":"WebSite","@id":"https:\/\/dr-klitsch.de\/zahnarztpraxis-parchim\/#website","url":"https:\/\/dr-klitsch.de\/zahnarztpraxis-parchim\/","name":"Zahnarztpraxis Dr. Klitsch Parchim","description":"Zahn\u00e4rztliche Gemeinschaftspraxis Dr. Thomas Klitsch &amp; Dr. Ulrike Klitsch","potentialAction":[{"@type":"SearchAction","target":{"@type":"EntryPoint","urlTemplate":"https:\/\/dr-klitsch.de\/zahnarztpraxis-parchim\/?s={search_term_string}"},"query-input":"required name=search_term_string"}],"inLanguage":"de"}]}},"_links":{"self":[{"href":"https:\/\/dr-klitsch.de\/zahnarztpraxis-parchim\/wp-json\/wp\/v2\/pages\/28"}],"collection":[{"href":"https:\/\/dr-klitsch.de\/zahnarztpraxis-parchim\/wp-json\/wp\/v2\/pages"}],"about":[{"href":"https:\/\/dr-klitsch.de\/zahnarztpraxis-parchim\/wp-json\/wp\/v2\/types\/page"}],"author":[{"embeddable":true,"href":"https:\/\/dr-klitsch.de\/zahnarztpraxis-parchim\/wp-json\/wp\/v2\/users\/1"}],"replies":[{"embeddable":true,"href":"https:\/\/dr-klitsch.de\/zahnarztpraxis-parchim\/wp-json\/wp\/v2\/comments?post=28"}],"version-history":[{"count":37,"href":"https:\/\/dr-klitsch.de\/zahnarztpraxis-parchim\/wp-json\/wp\/v2\/pages\/28\/revisions"}],"predecessor-version":[{"id":619,"href":"https:\/\/dr-klitsch.de\/zahnarztpraxis-parchim\/wp-json\/wp\/v2\/pages\/28\/revisions\/619"}],"wp:attachment":[{"href":"https:\/\/dr-klitsch.de\/zahnarztpraxis-parchim\/wp-json\/wp\/v2\/media?parent=28"}],"curies":[{"name":"wp","href":"https:\/\/api.w.org\/{rel}","templated":true}]}}